{"id":554,"date":"2021-12-26T21:29:34","date_gmt":"2021-12-26T20:29:34","guid":{"rendered":"https:\/\/www.mvrevolution.com\/?page_id=554"},"modified":"2021-12-28T15:23:54","modified_gmt":"2021-12-28T14:23:54","slug":"554-2","status":"publish","type":"page","link":"https:\/\/www.mvrevolution.com\/?page_id=554","title":{"rendered":""},"content":{"rendered":"\n<div class=\"wp-block-columns is-layout-flex wp-container-core-columns-is-layout-1 wp-block-columns-is-layout-flex\">\n<div class=\"wp-block-column is-layout-flow wp-block-column-is-layout-flow\" style=\"flex-basis:100%\">\n<div id=\"wp-block-themeisle-blocks-advanced-heading-b8d1b344\" class=\"wp-block-themeisle-blocks-advanced-heading wp-block-themeisle-blocks-advanced-heading-b8d1b344\"><strong>Actualit\u00e9s<\/strong><\/div>\n\n\n<div  class=\"wp-block-ultimate-post-post-grid-1 ultp-block-ab94df\"><div class=\"ultp-block-wrapper\"><div class=\"ultp-loading\"><div class=\"ultp-loading-blocks\" style=\"width:100%;height:100%;\"><div style=\"left: 0;top: 0;animation-delay:0s;\"><\/div><div style=\"left: 21px;top: 0;animation-delay:0.125s;\"><\/div><div style=\"left: 42px;top: 0;animation-delay:0.25s;\"><\/div><div style=\"left: 0;top: 21px;animation-delay:0.875s;\"><\/div><div style=\"left: 42px;top: 21px;animation-delay:0.375s;\"><\/div><div style=\"left: 0;top: 42px;animation-delay:0.75s;\"><\/div><div style=\"left: 42px;top: 42px;animation-delay:0.625s;\"><\/div><div style=\"left: 21px;top: 42px;animation-delay:0.5s;\"><\/div><\/div><\/div><div class=\"ultp-heading-filter\"><div class=\"ultp-heading-filter-in\"><div class=\"ultp-heading-wrap ultp-heading-style1 ultp-heading-left\"><h2 class=\"ultp-heading-inner\"><span><\/span><\/h2><div class=\"ultp-sub-heading\"><div class=\"ultp-sub-heading-inner\">Notre vocation est de r\u00e9pondre aux besoins sp\u00e9cifiques de tous nos clients, ainsi un bon moyen de comprendre notre savoir-faire est de suivre notamment nos derni\u00e8res nouvelles pr\u00e9sent\u00e9es ci-apr\u00e8s\u2026<\/div><\/div><\/div><div class=\"ultp-filter-navigation\"><\/div><\/div><\/div><div class=\"ultp-block-items-wrap ultp-block-row ultp-pg1a-style1 ultp-block-column-4 ultp-layout1\"><div class=\"ultp-block-item post-id-958\"><div class=\"ultp-block-content-wrap\"><div class=\"ultp-block-image ultp-block-image-zoomIn\"><a href=\"https:\/\/www.mvrevolution.com\/?p=958\" ><img decoding=\"async\"  alt=\"R\u00e9habilitation classique chez MVR\"  src=\"https:\/\/www.mvrevolution.com\/wp-content\/uploads\/2023\/06\/CaptureRehabLaveuseC-1.png\" \/><\/a><\/div><div class=\"ultp-block-content\"><h1 class=\"ultp-block-title \"><a href=\"https:\/\/www.mvrevolution.com\/?p=958\" >R\u00e9habilitation classique chez MVR<\/a><\/h1><div class=\"ultp-block-excerpt\"><p>MVR, dans le cadre des nos services de r\u00e9paration, fait \u00e9galement de la remise\u2026<\/p>\n<\/div><\/div><\/div><\/div><div class=\"ultp-block-item post-id-937\"><div class=\"ultp-block-content-wrap\"><div class=\"ultp-block-image ultp-block-image-zoomIn\"><a href=\"https:\/\/www.mvrevolution.com\/?p=937\" ><img decoding=\"async\"  alt=\"MVR-JACINTO EN SOUTIEN A NOS COMBATTANTS DU FEU\"  src=\"https:\/\/www.mvrevolution.com\/wp-content\/uploads\/2023\/06\/Capture-SDIS66.png\" \/><\/a><\/div><div class=\"ultp-block-content\"><h1 class=\"ultp-block-title \"><a href=\"https:\/\/www.mvrevolution.com\/?p=937\" >MVR-JACINTO EN SOUTIEN A NOS COMBATTANTS DU FEU<\/a><\/h1><div class=\"ultp-block-excerpt\"><p>Face au d\u00e9r\u00e8glement climatique et les nombreuses alertes s\u00e9cheresse d\u00e9clar\u00e9es alors que l&rsquo;\u00e9t\u00e9 n&rsquo;a\u2026<\/p>\n<\/div><\/div><\/div><\/div><div class=\"ultp-block-item post-id-947\"><div class=\"ultp-block-content-wrap\"><div class=\"ultp-block-image ultp-block-image-zoomIn\"><a href=\"https:\/\/www.mvrevolution.com\/?p=947\" ><img decoding=\"async\"  alt=\"Nouveau client, nouveau challenge 2023\"  src=\"https:\/\/www.mvrevolution.com\/wp-content\/uploads\/2023\/06\/ANFR-4x4-c.jpg\" \/><\/a><\/div><div class=\"ultp-block-content\"><h1 class=\"ultp-block-title \"><a href=\"https:\/\/www.mvrevolution.com\/?p=947\" >Nouveau client, nouveau challenge 2023<\/a><\/h1><div class=\"ultp-block-excerpt\"><p>MVR a eu la belle opportunit\u00e9 de gagner le march\u00e9 de construction des nouveaux\u2026<\/p>\n<\/div><\/div><\/div><\/div><div class=\"ultp-block-item post-id-914\"><div class=\"ultp-block-content-wrap\"><div class=\"ultp-block-image ultp-block-image-zoomIn\"><a href=\"https:\/\/www.mvrevolution.com\/?p=914\" ><img decoding=\"async\"  alt=\"Salons professionnels de l&rsquo;apr\u00e8s-Covid\"  src=\"https:\/\/www.mvrevolution.com\/wp-content\/uploads\/2023\/01\/2021-2022-salons-9.jpg\" \/><\/a><\/div><div class=\"ultp-block-content\"><h1 class=\"ultp-block-title \"><a href=\"https:\/\/www.mvrevolution.com\/?p=914\" >Salons professionnels de l&rsquo;apr\u00e8s-Covid<\/a><\/h1><div class=\"ultp-block-excerpt\"><p>La crise sanitaire a boulevers\u00e9 le fonctionnement des \u00e9v\u00e9nements d\u2019entreprise. Nous sommes heureux d&rsquo;avoir\u2026<\/p>\n<\/div><\/div><\/div><\/div><span class=\"ultp-loadmore-insert-before\"><\/span><\/div><div class=\"ultp-loadmore\"><span class=\"ultp-loadmore-action\" data-pages=\"9\" data-pagenum=\"1\" data-blockid=\"ab94df\" data-blockname=\"ultimate-post_post-grid-1\" data-postid=\"554\" >En voir plus&#8230; <span class=\"ultp-spin\"><svg enable-background=\"new 0 0 491.236 491.236\" version=\"1.1\" viewBox=\"0 0 491.24 491.24\"><path d=\"m55.89 262.82c-3-26-0.5-51.1 6.3-74.3 22.6-77.1 93.5-133.8 177.6-134.8v-50.4c0-2.8 3.5-4.3 5.8-2.6l103.7 76.2c1.7 1.3 1.7 3.9 0 5.1l-103.6 76.2c-2.4 1.7-5.8 0.2-5.8-2.6v-50.3c-55.3 0.9-102.5 35-122.8 83.2-7.7 18.2-11.6 38.3-10.5 59.4 1.5 29 12.4 55.7 29.6 77.3 9.2 11.5 7 28.3-4.9 37-11.3 8.3-27.1 6-35.8-5-21.3-26.6-35.5-59-39.6-94.4zm299.4-96.8c17.3 21.5 28.2 48.3 29.6 77.3 1.1 21.2-2.9 41.3-10.5 59.4-20.3 48.2-67.5 82.4-122.8 83.2v-50.3c0-2.8-3.5-4.3-5.8-2.6l-103.7 76.2c-1.7 1.3-1.7 3.9 0 5.1l103.6 76.2c2.4 1.7 5.8 0.2 5.8-2.6v-50.4c84.1-0.9 155.1-57.6 177.6-134.8 6.8-23.2 9.2-48.3 6.3-74.3-4-35.4-18.2-67.8-39.5-94.4-8.8-11-24.5-13.3-35.8-5-11.8 8.7-14 25.5-4.8 37z\"\/><\/svg><\/span><\/span><\/div><\/div><\/div><\/div>\n<\/div>\n\n\n<div  class=\"wp-block-ultimate-post-post-grid-1 ultp-block-f2d9a6\"><div class=\"ultp-block-wrapper\"><div class=\"ultp-loading\"><div class=\"ultp-loading-blocks\" style=\"width:100%;height:100%;\"><div style=\"left: 0;top: 0;animation-delay:0s;\"><\/div><div style=\"left: 21px;top: 0;animation-delay:0.125s;\"><\/div><div style=\"left: 42px;top: 0;animation-delay:0.25s;\"><\/div><div style=\"left: 0;top: 21px;animation-delay:0.875s;\"><\/div><div style=\"left: 42px;top: 21px;animation-delay:0.375s;\"><\/div><div style=\"left: 0;top: 42px;animation-delay:0.75s;\"><\/div><div style=\"left: 42px;top: 42px;animation-delay:0.625s;\"><\/div><div style=\"left: 21px;top: 42px;animation-delay:0.5s;\"><\/div><\/div><\/div><div class=\"ultp-heading-filter\"><div class=\"ultp-heading-filter-in\"><div class=\"ultp-heading-wrap ultp-heading-style15 ultp-heading-center\"><h2 class=\"ultp-heading-inner\"><span>GALERIE<\/span><\/h2><\/div><div class=\"ultp-filter-navigation\"><\/div><\/div><\/div><div class=\"ultp-block-items-wrap ultp-block-row ultp-pg1a-style1 ultp-block-column-7 ultp-layout1\"><div class=\"ultp-block-item post-id-958\"><div class=\"ultp-block-content-wrap\"><div class=\"ultp-block-image ultp-block-image-opacity\"><a href=\"https:\/\/www.mvrevolution.com\/?p=958\" ><img decoding=\"async\"  alt=\"R\u00e9habilitation classique chez MVR\"  src=\"https:\/\/www.mvrevolution.com\/wp-content\/uploads\/2023\/06\/CaptureRehabLaveuseC-1.png\" \/><\/a><\/div><div class=\"ultp-block-content\"><\/div><\/div><\/div><div class=\"ultp-block-item post-id-937\"><div class=\"ultp-block-content-wrap\"><div class=\"ultp-block-image ultp-block-image-opacity\"><a href=\"https:\/\/www.mvrevolution.com\/?p=937\" ><img decoding=\"async\"  alt=\"MVR-JACINTO EN SOUTIEN A NOS COMBATTANTS DU FEU\"  src=\"https:\/\/www.mvrevolution.com\/wp-content\/uploads\/2023\/06\/Capture-SDIS66.png\" \/><\/a><\/div><div class=\"ultp-block-content\"><\/div><\/div><\/div><div class=\"ultp-block-item post-id-947\"><div class=\"ultp-block-content-wrap\"><div class=\"ultp-block-image ultp-block-image-opacity\"><a href=\"https:\/\/www.mvrevolution.com\/?p=947\" ><img decoding=\"async\"  alt=\"Nouveau client, nouveau challenge 2023\"  src=\"https:\/\/www.mvrevolution.com\/wp-content\/uploads\/2023\/06\/ANFR-4x4-c.jpg\" \/><\/a><\/div><div class=\"ultp-block-content\"><\/div><\/div><\/div><div class=\"ultp-block-item post-id-914\"><div class=\"ultp-block-content-wrap\"><div class=\"ultp-block-image ultp-block-image-opacity\"><a href=\"https:\/\/www.mvrevolution.com\/?p=914\" ><img decoding=\"async\"  alt=\"Salons professionnels de l&rsquo;apr\u00e8s-Covid\"  src=\"https:\/\/www.mvrevolution.com\/wp-content\/uploads\/2023\/01\/2021-2022-salons-9.jpg\" \/><\/a><\/div><div class=\"ultp-block-content\"><\/div><\/div><\/div><div class=\"ultp-block-item post-id-927\"><div class=\"ultp-block-content-wrap\"><div class=\"ultp-block-image ultp-block-image-opacity\"><a href=\"https:\/\/www.mvrevolution.com\/?p=927\" ><img decoding=\"async\"  alt=\"Ambulance \u00e9lectrique\"  src=\"https:\/\/www.mvrevolution.com\/wp-content\/uploads\/2022\/06\/2022-WAS-Elec-7.jpg\" \/><\/a><\/div><div class=\"ultp-block-content\"><\/div><\/div><\/div><div class=\"ultp-block-item post-id-908\"><div class=\"ultp-block-content-wrap\"><div class=\"ultp-block-image ultp-block-image-opacity\"><a href=\"https:\/\/www.mvrevolution.com\/?p=908\" ><img decoding=\"async\"  alt=\"Laboratoire LATMOS\"  src=\"https:\/\/www.mvrevolution.com\/wp-content\/uploads\/2022\/05\/202203LATMOS-C.jpg\" \/><\/a><\/div><div class=\"ultp-block-content\"><\/div><\/div><\/div><div class=\"ultp-block-item post-id-903\"><div class=\"ultp-block-content-wrap\"><div class=\"ultp-block-image ultp-block-image-opacity\"><a href=\"https:\/\/www.mvrevolution.com\/?p=903\" ><img decoding=\"async\"  alt=\"Remorque CBOB\"  src=\"https:\/\/www.mvrevolution.com\/wp-content\/uploads\/2022\/05\/202201CBOB-C.jpg\" \/><\/a><\/div><div class=\"ultp-block-content\"><\/div><\/div><\/div><div class=\"ultp-block-item post-id-896\"><div class=\"ultp-block-content-wrap\"><div class=\"ultp-block-image ultp-block-image-opacity\"><a href=\"https:\/\/www.mvrevolution.com\/?p=896\" ><img decoding=\"async\"  alt=\"R\u00e9gie TV AMP\"  src=\"https:\/\/www.mvrevolution.com\/wp-content\/uploads\/2022\/05\/202201AMP-C.jpg\" \/><\/a><\/div><div class=\"ultp-block-content\"><\/div><\/div><\/div><div class=\"ultp-block-item post-id-846\"><div class=\"ultp-block-content-wrap\"><div class=\"ultp-block-image ultp-block-image-opacity\"><a href=\"https:\/\/www.mvrevolution.com\/?p=846\" ><img decoding=\"async\"  alt=\"Camion 32T\"  src=\"https:\/\/www.mvrevolution.com\/wp-content\/uploads\/2021\/09\/202109DEM-32T-cover.jpg\" \/><\/a><\/div><div class=\"ultp-block-content\"><\/div><\/div><\/div><div class=\"ultp-block-item post-id-850\"><div class=\"ultp-block-content-wrap\"><div class=\"ultp-block-image ultp-block-image-opacity\"><a href=\"https:\/\/www.mvrevolution.com\/?p=850\" ><img decoding=\"async\"  alt=\"BUS SOCIAL DENTAIRE\"  src=\"https:\/\/www.mvrevolution.com\/wp-content\/uploads\/2021\/08\/202108BUSDENTAIRE-cover.jpg\" \/><\/a><\/div><div class=\"ultp-block-content\"><\/div><\/div><\/div><div class=\"ultp-block-item post-id-881\"><div class=\"ultp-block-content-wrap\"><div class=\"ultp-block-image ultp-block-image-opacity\"><a href=\"https:\/\/www.mvrevolution.com\/?p=881\" ><img decoding=\"async\"  alt=\"R\u00e9gie TV compacte\"  src=\"https:\/\/www.mvrevolution.com\/wp-content\/uploads\/2021\/12\/202101FTV-cover.jpg\" \/><\/a><\/div><div class=\"ultp-block-content\"><\/div><\/div><\/div><div class=\"ultp-block-item post-id-873\"><div class=\"ultp-block-content-wrap\"><div class=\"ultp-block-image ultp-block-image-opacity\"><a href=\"https:\/\/www.mvrevolution.com\/?p=873\" ><img decoding=\"async\"  alt=\"V\u00e9hicule animalier\"  src=\"https:\/\/www.mvrevolution.com\/wp-content\/uploads\/2020\/05\/202005ANIMALIER-cover.jpg\" \/><\/a><\/div><div class=\"ultp-block-content\"><\/div><\/div><\/div><div class=\"ultp-block-item post-id-843\"><div class=\"ultp-block-content-wrap\"><div class=\"ultp-block-image ultp-block-image-opacity\"><a href=\"https:\/\/www.mvrevolution.com\/?p=843\" ><img decoding=\"async\"  alt=\"Camion d\u00e9vidoir\"  src=\"https:\/\/www.mvrevolution.com\/wp-content\/uploads\/2020\/03\/202003devidoir-cover.jpg\" \/><\/a><\/div><div class=\"ultp-block-content\"><\/div><\/div><\/div><div class=\"ultp-block-item post-id-868\"><div class=\"ultp-block-content-wrap\"><div class=\"ultp-block-image ultp-block-image-opacity\"><a href=\"https:\/\/www.mvrevolution.com\/?p=868\" ><img decoding=\"async\"  alt=\"SAFRAN DRONE\"  src=\"https:\/\/www.mvrevolution.com\/wp-content\/uploads\/2019\/04\/201903SAFRANDRONE-cover.jpg\" \/><\/a><\/div><div class=\"ultp-block-content\"><\/div><\/div><\/div><\/div><div class=\"ultp-pagination-wrap ultp-pagination-ajax-action\" data-paged=\"1\" data-blockid=\"f2d9a6\" data-postid=\"554\" data-pages=\"3\" data-blockname=\"ultimate-post_post-grid-1\" ><ul class=\"ultp-pagination\"><li class=\"ultp-center-item pagination-active\" data-current=\"1\"><a href=\"https:\/\/www.mvrevolution.com\/index.php?rest_route=%2Fwp%2Fv2%2Fpages%2F554\">1<\/a><\/li><li class=\"ultp-center-item\" data-current=\"2\"><a href=\"https:\/\/www.mvrevolution.com\/index.php?rest_route=%2Fwp%2Fv2%2Fpages%2F554&#038;paged=2\">2<\/a><\/li><li class=\"ultp-center-item\" data-current=\"3\"><a href=\"https:\/\/www.mvrevolution.com\/index.php?rest_route=%2Fwp%2Fv2%2Fpages%2F554&#038;paged=3\">3<\/a><\/li><li class=\"ultp-next-page-numbers\"><a href=\"https:\/\/www.mvrevolution.com\/index.php?rest_route=%2Fwp%2Fv2%2Fpages%2F554&#038;paged=2\"><svg enable-background=\"new 0 0 477.175 477.175\" version=\"1.1\" viewBox=\"0 0 477.18 477.18\"><path d=\"m360.73 229.08-225.1-225.1c-5.3-5.3-13.8-5.3-19.1 0s-5.3 13.8 0 19.1l215.5 215.5-215.5 215.5c-5.3 5.3-5.3 13.8 0 19.1 2.6 2.6 6.1 4 9.5 4s6.9-1.3 9.5-4l225.1-225.1c5.3-5.2 5.3-13.8 0.1-19z\"\/><\/svg><\/a><\/li><\/ul><\/div><\/div><\/div>\n\n\n<div class=\"wp-block-columns is-layout-flex wp-container-core-columns-is-layout-2 wp-block-columns-is-layout-flex\">\n<div class=\"wp-block-column is-layout-flow wp-block-column-is-layout-flow\" style=\"flex-basis:100%\">\n<p><\/p>\n<\/div>\n<\/div>\n","protected":false},"excerpt":{"rendered":"","protected":false},"author":1,"featured_media":0,"parent":0,"menu_order":0,"comment_status":"closed","ping_status":"closed","template":"template-notitle.php","meta":{"_themeisle_gutenberg_block_has_review":false,"footnotes":""},"_links":{"self":[{"href":"https:\/\/www.mvrevolution.com\/index.php?rest_route=\/wp\/v2\/pages\/554"}],"collection":[{"href":"https:\/\/www.mvrevolution.com\/index.php?rest_route=\/wp\/v2\/pages"}],"about":[{"href":"https:\/\/www.mvrevolution.com\/index.php?rest_route=\/wp\/v2\/types\/page"}],"author":[{"embeddable":true,"href":"https:\/\/www.mvrevolution.com\/index.php?rest_route=\/wp\/v2\/users\/1"}],"replies":[{"embeddable":true,"href":"https:\/\/www.mvrevolution.com\/index.php?rest_route=%2Fwp%2Fv2%2Fcomments&post=554"}],"version-history":[{"count":99,"href":"https:\/\/www.mvrevolution.com\/index.php?rest_route=\/wp\/v2\/pages\/554\/revisions"}],"predecessor-version":[{"id":886,"href":"https:\/\/www.mvrevolution.com\/index.php?rest_route=\/wp\/v2\/pages\/554\/revisions\/886"}],"wp:attachment":[{"href":"https:\/\/www.mvrevolution.com\/index.php?rest_route=%2Fwp%2Fv2%2Fmedia&parent=554"}],"curies":[{"name":"wp","href":"https:\/\/api.w.org\/{rel}","templated":true}]}}