{"id":420,"date":"2021-09-14T18:26:10","date_gmt":"2021-09-14T16:26:10","guid":{"rendered":"https:\/\/www.mvrevolution.com\/?page_id=420"},"modified":"2021-12-27T01:07:52","modified_gmt":"2021-12-27T00:07:52","slug":"420-2","status":"publish","type":"page","link":"https:\/\/www.mvrevolution.com\/","title":{"rendered":""},"content":{"rendered":"\n<section class=\"wp-block-themeisle-blocks-advanced-columns alignfull has-1-columns has-desktop-equal-layout has-tablet-equal-layout has-mobile-equal-layout has-nogap-gap has-vertical-flex-start\" id=\"wp-block-themeisle-blocks-advanced-columns-dab9e0bf\"><div class=\"wp-block-themeisle-blocks-advanced-columns-overlay\"><\/div><div class=\"innerblocks-wrap\">\n<div class=\"wp-block-themeisle-blocks-advanced-column\" id=\"wp-block-themeisle-blocks-advanced-column-9df22226\">\n<section class=\"wp-block-themeisle-blocks-advanced-columns has-1-columns has-desktop-equal-layout has-tablet-equal-layout has-mobile-equal-layout has-nogap-gap has-vertical-flex-start\" id=\"wp-block-themeisle-blocks-advanced-columns-25c95699\"><div class=\"wp-block-themeisle-blocks-advanced-columns-overlay\"><\/div><div class=\"innerblocks-wrap\">\n<div class=\"wp-block-themeisle-blocks-advanced-column\" id=\"wp-block-themeisle-blocks-advanced-column-d4d9a4f8\">\n<div id=\"wp-block-themeisle-blocks-advanced-heading-b8d1b344\" class=\"wp-block-themeisle-blocks-advanced-heading wp-block-themeisle-blocks-advanced-heading-b8d1b344\"><strong>NOTRE METIER<\/strong><\/div>\n\n\n\n<p class=\"has-text-align-left\">MVR Evolution vous propose des professionnels \u00e0 votre \u00e9coute depuis bient\u00f4t 40 ans sur le march\u00e9 de la r\u00e9paration automobile et la conception de v\u00e9hicules sp\u00e9cialis\u00e9s. Comme un tailleur automobile sur mesure, quelque soit votre c\u0153ur de m\u00e9tier, nous vous apporterons toute notre expertise pour aboutir au v\u00e9hicule adapt\u00e9 \u00e0 votre besoin.<\/p>\n<\/div>\n<\/div><\/section>\n\n\n\n<div id=\"wp-block-themeisle-blocks-slider-10184ba9\" class=\"wp-block-themeisle-blocks-slider glide\" data-per-view=\"1\" data-gap=\"0\" data-peek=\"0\" data-autoplay=\"true\" data-height=\"400px\" data-hide-arrows=\"false\"><div class=\"glide__track\" data-glide-el=\"track\"><div class=\"glide__slides\"><div class=\"wp-block-themeisle-blocks-slider-item-wrapper glide__slide\" tabindex=\"0\"><figure><img decoding=\"async\" class=\"wp-block-themeisle-blocks-slider-item\" src=\"https:\/\/www.mvrevolution.com\/wp-content\/uploads\/2021\/09\/pan_pompiers-1-1080x465-4.jpg\" alt=\"\" title=\"\" data-id=\"449\"\/><\/figure><\/div><div class=\"wp-block-themeisle-blocks-slider-item-wrapper glide__slide\" tabindex=\"0\"><figure><img decoding=\"async\" class=\"wp-block-themeisle-blocks-slider-item\" src=\"https:\/\/www.mvrevolution.com\/wp-content\/uploads\/2021\/09\/pan_adp-1-1080x465-2.jpg\" alt=\"\" title=\"\" data-id=\"454\"\/><\/figure><\/div><div class=\"wp-block-themeisle-blocks-slider-item-wrapper glide__slide\" tabindex=\"0\"><figure><img decoding=\"async\" class=\"wp-block-themeisle-blocks-slider-item\" src=\"https:\/\/www.mvrevolution.com\/wp-content\/uploads\/2021\/09\/pan_ftv-1080x465-1.jpg\" alt=\"\" title=\"\" data-id=\"455\"\/><\/figure><\/div><\/div><div class=\"glide__bullets\" data-glide-el=\"controls[nav]\"><button class=\"glide__bullet\" data-glide-dir=\"=0\"><\/button><button class=\"glide__bullet\" data-glide-dir=\"=1\"><\/button><button class=\"glide__bullet\" data-glide-dir=\"=2\"><\/button><\/div><\/div><\/div>\n\n\n\n<section class=\"wp-block-themeisle-blocks-advanced-columns has-4-columns has-desktop-equal-layout has-tablet-equal-layout has-mobile-collapsedRows-layout has-nogap-gap has-vertical-flex-start\" id=\"wp-block-themeisle-blocks-advanced-columns-b56443a0\"><div class=\"wp-block-themeisle-blocks-advanced-columns-overlay\"><\/div><div class=\"innerblocks-wrap\">\n<div class=\"wp-block-themeisle-blocks-advanced-column\" id=\"wp-block-themeisle-blocks-advanced-column-1bb9ffb4\">\n<div class=\"wp-block-image\"><figure class=\"aligncenter size-full\"><img loading=\"lazy\" decoding=\"async\" width=\"150\" height=\"146\" src=\"https:\/\/www.mvrevolution.com\/wp-content\/uploads\/2021\/09\/mvrrond_particulier.png\" alt=\"\" class=\"wp-image-442\"\/><\/figure><\/div>\n\n\n\n<div id=\"wp-block-themeisle-blocks-advanced-heading-975f3e9c\" class=\"wp-block-themeisle-blocks-advanced-heading wp-block-themeisle-blocks-advanced-heading-975f3e9c\"><strong>REPARATION<\/strong><\/div>\n\n\n\n<p class=\"has-text-align-center has-small-font-size\">Que cela soit pour les particuliers ou les professionnels, MVR Evolution est en capacit\u00e9 de fournir toutes les prestations d\u2019entretien et de r\u00e9paration.<\/p>\n<\/div>\n\n\n\n<div class=\"wp-block-themeisle-blocks-advanced-column\" id=\"wp-block-themeisle-blocks-advanced-column-e0a218d6\">\n<div class=\"wp-block-image\"><figure class=\"aligncenter size-full\"><img loading=\"lazy\" decoding=\"async\" width=\"150\" height=\"146\" src=\"https:\/\/www.mvrevolution.com\/wp-content\/uploads\/2021\/09\/mvrrond_speciaux.png\" alt=\"\" class=\"wp-image-444\"\/><\/figure><\/div>\n\n\n\n<div id=\"wp-block-themeisle-blocks-advanced-heading-6379101e\" class=\"wp-block-themeisle-blocks-advanced-heading wp-block-themeisle-blocks-advanced-heading-6379101e\"><strong>CONSTRUCTION<\/strong><\/div>\n\n\n\n<p class=\"has-text-align-center has-small-font-size\">De part l\u2019exp\u00e9rience de notre personnel, MVR Evolution est devenu un sp\u00e9cialiste reconnu de la transformation sur&nbsp;tous types de v\u00e9hicules.<\/p>\n<\/div>\n\n\n\n<div class=\"wp-block-themeisle-blocks-advanced-column\" id=\"wp-block-themeisle-blocks-advanced-column-c1c7a0fc\">\n<div class=\"wp-block-image\"><figure class=\"aligncenter size-full is-resized\"><img loading=\"lazy\" decoding=\"async\" src=\"https:\/\/www.mvrevolution.com\/wp-content\/uploads\/2021\/09\/mvrrond_integration.png\" alt=\"\" class=\"wp-image-445\" width=\"150\" height=\"146\"\/><\/figure><\/div>\n\n\n\n<div id=\"wp-block-themeisle-blocks-advanced-heading-d0a7496a\" class=\"wp-block-themeisle-blocks-advanced-heading wp-block-themeisle-blocks-advanced-heading-d0a7496a\"><strong>INTEGRATION<\/strong><\/div>\n\n\n\n<p class=\"has-text-align-center has-small-font-size\">Nos techniciens exp\u00e9riment\u00e9s vous apporteront toutes les solutions&nbsp;pour&nbsp;une int\u00e9gration optimis\u00e9e du mat\u00e9riel embarqu\u00e9 indispensable \u00e0 votre activit\u00e9.<\/p>\n<\/div>\n\n\n\n<div class=\"wp-block-themeisle-blocks-advanced-column\" id=\"wp-block-themeisle-blocks-advanced-column-5f05905d\">\n<div class=\"wp-block-image\"><figure class=\"aligncenter size-full is-resized\"><img loading=\"lazy\" decoding=\"async\" src=\"https:\/\/www.mvrevolution.com\/wp-content\/uploads\/2021\/09\/mvrrond_plan.png\" alt=\"\" class=\"wp-image-446\" width=\"150\" height=\"146\"\/><\/figure><\/div>\n\n\n\n<div id=\"wp-block-themeisle-blocks-advanced-heading-5917dff3\" class=\"wp-block-themeisle-blocks-advanced-heading wp-block-themeisle-blocks-advanced-heading-5917dff3\"><strong>BUREAU D&rsquo;ETUDES<\/strong><\/div>\n\n\n\n<p class=\"has-text-align-center has-small-font-size\">Prototype ou s\u00e9rie, notre bureau d\u2019\u00e9tudes r\u00e9alise des propositions d\u2019am\u00e9nagement 3D pour les structures ainsi que&nbsp;pour les installations \u00e9lectriques.<\/p>\n<\/div>\n<\/div><\/section>\n\n\n\n<p>MVR Evolution est un multi-sp\u00e9cialiste de la carrosserie, certifi\u00e9 op\u00e9rateur qualifi\u00e9 par L&rsquo;UTAC et ISO 9001 par SGS dans les domaines de transformation et montage d&rsquo;\u00e9quipements sur v\u00e9hicules utilitaires,&nbsp;r\u00e9paration de v\u00e9hicules l\u00e9gers et poids lourds. MVR Evolution appartient \u00e0 la F\u00e9d\u00e9ration Fran\u00e7aise de la Carrosserie et au r\u00e9seau Axial. Des entreprises de toutes tailles et de tous secteurs font confiance \u00e0 MVR Evolution sur un tr\u00e8s large \u00e9ventail de probl\u00e9matiques. Toujours attentifs \u00e0 leurs attentes, nous envisageons la relation qui nous lie comme un moteur d\u2019innovation et de progression mutuelle.<\/p>\n<\/div>\n<\/div><\/section>\n","protected":false},"excerpt":{"rendered":"","protected":false},"author":1,"featured_media":0,"parent":0,"menu_order":0,"comment_status":"closed","ping_status":"closed","template":"template-notitle.php","meta":{"_themeisle_gutenberg_block_has_review":false,"footnotes":""},"_links":{"self":[{"href":"https:\/\/www.mvrevolution.com\/index.php?rest_route=\/wp\/v2\/pages\/420"}],"collection":[{"href":"https:\/\/www.mvrevolution.com\/index.php?rest_route=\/wp\/v2\/pages"}],"about":[{"href":"https:\/\/www.mvrevolution.com\/index.php?rest_route=\/wp\/v2\/types\/page"}],"author":[{"embeddable":true,"href":"https:\/\/www.mvrevolution.com\/index.php?rest_route=\/wp\/v2\/users\/1"}],"replies":[{"embeddable":true,"href":"https:\/\/www.mvrevolution.com\/index.php?rest_route=%2Fwp%2Fv2%2Fcomments&post=420"}],"version-history":[{"count":16,"href":"https:\/\/www.mvrevolution.com\/index.php?rest_route=\/wp\/v2\/pages\/420\/revisions"}],"predecessor-version":[{"id":792,"href":"https:\/\/www.mvrevolution.com\/index.php?rest_route=\/wp\/v2\/pages\/420\/revisions\/792"}],"wp:attachment":[{"href":"https:\/\/www.mvrevolution.com\/index.php?rest_route=%2Fwp%2Fv2%2Fmedia&parent=420"}],"curies":[{"name":"wp","href":"https:\/\/api.w.org\/{rel}","templated":true}]}}